{"id":730,"date":"2024-10-31T06:31:16","date_gmt":"2024-10-31T06:31:16","guid":{"rendered":"https:\/\/galemiamihotelandresidences.com\/?page_id=730"},"modified":"2025-04-14T15:52:04","modified_gmt":"2025-04-14T15:52:04","slug":"comodidades","status":"publish","type":"page","link":"https:\/\/99hudsonjerseycity.com\/es\/comodidades\/","title":{"rendered":"Comodidades"},"content":{"rendered":"<p>[et_pb_section fb_built=&#8221;1&#8243; custom_padding_last_edited=&#8221;on|phone&#8221; _builder_version=&#8221;4.27.4&#8243; _module_preset=&#8221;default&#8221; background_color=&#8221;rgba(0,0,0,0.61)&#8221; background_image=&#8221;https:\/\/99hudsonjerseycity.com\/es\/wp-content\/uploads\/99-hudson-new-jersey_bg.jpg&#8221; background_blend=&#8221;overlay&#8221; custom_padding=&#8221;90px||90px|||&#8221; custom_padding_tablet=&#8221;90px||90px|||&#8221; custom_padding_phone=&#8221;50px||50px||true|false&#8221; global_colors_info=&#8221;{}&#8221;][et_pb_row _builder_version=&#8221;4.17.4&#8243; _module_preset=&#8221;default&#8221; global_colors_info=&#8221;{}&#8221;][et_pb_column type=&#8221;4_4&#8243; _builder_version=&#8221;4.17.4&#8243; _module_preset=&#8221;default&#8221; global_colors_info=&#8221;{}&#8221;][et_pb_text _builder_version=&#8221;4.27.4&#8243; _module_preset=&#8221;default&#8221; text_font=&#8221;|600|||||||&#8221; text_text_color=&#8221;#FFFFFF&#8221; text_font_size=&#8221;25px&#8221; header_font=&#8221;|700||on|||||&#8221; header_text_align=&#8221;center&#8221; header_text_color=&#8221;#FFFFFF&#8221; header_font_size=&#8221;50px&#8221; header_line_height=&#8221;1.5em&#8221; header_2_font_size=&#8221;45px&#8221; text_orientation=&#8221;center&#8221; hover_enabled=&#8221;0&#8243; header_font_size_tablet=&#8221;50px&#8221; header_font_size_phone=&#8221;30px&#8221; header_font_size_last_edited=&#8221;on|phone&#8221; header_text_shadow_style=&#8221;preset3&#8243; header_text_shadow_blur_strength=&#8221;0.69em&#8221; header_text_shadow_color=&#8221;#000000&#8243; global_colors_info=&#8221;{}&#8221; sticky_enabled=&#8221;0&#8243;]<\/p>\n<h1>99 Hudson Jersey City<\/h1>\n<h1>Comodidades<\/h1>\n<p>[\/et_pb_text][\/et_pb_column][\/et_pb_row][\/et_pb_section][et_pb_section fb_built=&#8221;1&#8243; custom_padding_last_edited=&#8221;on|phone&#8221; module_id=&#8221;building-features&#8221; _builder_version=&#8221;4.27.4&#8243; _module_preset=&#8221;default&#8221; background_color=&#8221;RGBA(255,255,255,0)&#8221; custom_padding=&#8221;90px||2px|||&#8221; custom_padding_tablet=&#8221;90px||2px|||&#8221; custom_padding_phone=&#8221;||||false|false&#8221; global_colors_info=&#8221;{}&#8221;][et_pb_row column_structure=&#8221;3_5,2_5&#8243; _builder_version=&#8221;4.27.4&#8243; _module_preset=&#8221;default&#8221; width=&#8221;90%&#8221; max_width=&#8221;90%&#8221; custom_margin=&#8221;-69px|auto||auto||&#8221; custom_margin_tablet=&#8221;&#8221; custom_margin_phone=&#8221;||||false|false&#8221; custom_margin_last_edited=&#8221;on|phone&#8221; custom_padding=&#8221;0px||||false|false&#8221; global_colors_info=&#8221;{}&#8221;][et_pb_column type=&#8221;3_5&#8243; _builder_version=&#8221;4.20.2&#8243; _module_preset=&#8221;default&#8221; global_colors_info=&#8221;{}&#8221;][et_pb_text _builder_version=&#8221;4.27.4&#8243; _module_preset=&#8221;default&#8221; text_font=&#8221;Adamina||||||||&#8221; text_text_color=&#8221;#000000&#8243; text_line_height=&#8221;1.8em&#8221; header_2_font=&#8221;|700|||||||&#8221; header_2_font_size=&#8221;30px&#8221; header_2_line_height=&#8221;1.8em&#8221; custom_margin=&#8221;-1px||1px||false|false&#8221; custom_margin_tablet=&#8221;-1px||1px||false|false&#8221; custom_margin_phone=&#8221;-1px||1px||false|false&#8221; custom_margin_last_edited=&#8221;on|phone&#8221; hover_enabled=&#8221;0&#8243; global_colors_info=&#8221;{}&#8221; sticky_enabled=&#8221;0&#8243;]<\/p>\n<h2>Caracter\u00edsticas del edificio<br \/><strong><\/strong><\/h2>\n<ul>\n<li>Amplia piscina de 24 m x 15 m<\/li>\n<li>Caba\u00f1as para descansar<\/li>\n<li>Comedores al aire libre<\/li>\n<li>Parrillas<\/li>\n<li>Amplio jard\u00edn paisaj\u00edstico<\/li>\n<li>Sala Club Hudson con sal\u00f3n, biblioteca y comedor<\/li>\n<li>Cocina de demostraci\u00f3n<\/li>\n<li>Sala de juegos<\/li>\n<li>Centro de negocios<\/li>\n<li>Sala de juegos para ni\u00f1os<\/li>\n<li>Sala de proyecciones<\/li>\n<li>Simulador de golf<\/li>\n<li>Zona para perros al aire libre<\/li>\n<\/ul>\n<p>[\/et_pb_text][\/et_pb_column][et_pb_column type=&#8221;2_5&#8243; _builder_version=&#8221;4.20.2&#8243; _module_preset=&#8221;default&#8221; global_colors_info=&#8221;{}&#8221;][et_pb_image src=&#8221;https:\/\/99hudsonjerseycity.com\/es\/wp-content\/uploads\/99-hudson-new-jersey_tower.jpg&#8221; title_text=&#8221;99-hudson-new-jersey_tower&#8221; _builder_version=&#8221;4.27.4&#8243; _module_preset=&#8221;default&#8221; global_colors_info=&#8221;{}&#8221;][\/et_pb_image][\/et_pb_column][\/et_pb_row][\/et_pb_section][et_pb_section fb_built=&#8221;1&#8243; custom_padding_last_edited=&#8221;on|phone&#8221; module_id=&#8221;building-features&#8221; _builder_version=&#8221;4.27.4&#8243; _module_preset=&#8221;default&#8221; background_color=&#8221;#f4f5f7&#8243; custom_padding=&#8221;7px||2px|||&#8221; custom_padding_tablet=&#8221;90px||2px|||&#8221; custom_padding_phone=&#8221;||||false|false&#8221; global_colors_info=&#8221;{}&#8221;][et_pb_row column_structure=&#8221;1_2,1_2&#8243; _builder_version=&#8221;4.27.4&#8243; _module_preset=&#8221;default&#8221; global_colors_info=&#8221;{}&#8221;][et_pb_column type=&#8221;1_2&#8243; _builder_version=&#8221;4.27.4&#8243; _module_preset=&#8221;default&#8221; global_colors_info=&#8221;{}&#8221;][et_pb_text _builder_version=&#8221;4.27.4&#8243; _module_preset=&#8221;default&#8221; text_font=&#8221;Adamina||||||||&#8221; text_text_color=&#8221;#000000&#8243; text_line_height=&#8221;1.8em&#8221; header_2_font=&#8221;|700|||||||&#8221; header_2_font_size=&#8221;30px&#8221; header_2_line_height=&#8221;1.8em&#8221; custom_margin=&#8221;-1px||1px||false|false&#8221; custom_margin_tablet=&#8221;-1px||1px||false|false&#8221; custom_margin_phone=&#8221;-1px||1px||false|false&#8221; custom_margin_last_edited=&#8221;on|phone&#8221; hover_enabled=&#8221;0&#8243; global_colors_info=&#8221;{}&#8221; sticky_enabled=&#8221;0&#8243;]<strong>ENTRETENIMIENTO<\/strong><\/p>\n<p><strong><\/strong><\/p>\n<ul>\n<li>Amplia piscina de 24 x 15 metros<\/li>\n<li>Caba\u00f1as para relajarse<\/li>\n<li>Comedores al aire libre<\/li>\n<li>Parrillas<\/li>\n<li>Amplio jard\u00edn paisaj\u00edstico<\/li>\n<li>Sala Club Hudson con<\/li>\n<li>Sal\u00f3n, biblioteca y comedor<\/li>\n<li>Cocina de demostraci\u00f3n<\/li>\n<\/ul>\n<p>[\/et_pb_text][\/et_pb_column][et_pb_column type=&#8221;1_2&#8243; _builder_version=&#8221;4.27.4&#8243; _module_preset=&#8221;default&#8221; global_colors_info=&#8221;{}&#8221;][et_pb_text _builder_version=&#8221;4.27.4&#8243; _module_preset=&#8221;default&#8221; text_font=&#8221;Adamina||||||||&#8221; text_text_color=&#8221;#000000&#8243; text_line_height=&#8221;1.8em&#8221; header_2_font=&#8221;|700|||||||&#8221; header_2_font_size=&#8221;30px&#8221; header_2_line_height=&#8221;1.8em&#8221; custom_margin=&#8221;-1px||1px||false|false&#8221; custom_margin_tablet=&#8221;-1px||1px||false|false&#8221; custom_margin_phone=&#8221;-1px||1px||false|false&#8221; custom_margin_last_edited=&#8221;on|phone&#8221; hover_enabled=&#8221;0&#8243; global_colors_info=&#8221;{}&#8221; sticky_enabled=&#8221;0&#8243;]<\/p>\n<p><strong>SALUD Y BIENESTAR<\/strong><\/p>\n<ul>\n<li>Salones de vapor<\/li>\n<li>Jacuzzi<\/li>\n<li>Sauna seca<\/li>\n<li>Salas de tratamiento y masaje<\/li>\n<li>Terraza del spa<\/li>\n<li>Duchas privadas<\/li>\n<li>Vestuarios para \u00e9l y para ella<\/li>\n<\/ul>\n<p>[\/et_pb_text][\/et_pb_column][\/et_pb_row][\/et_pb_section][et_pb_section fb_built=&#8221;1&#8243; module_id=&#8221;building-features&#8221; _builder_version=&#8221;4.27.4&#8243; _module_preset=&#8221;default&#8221; background_color=&#8221;RGBA(255,255,255,0)&#8221; custom_margin=&#8221;||||false|false&#8221; custom_padding=&#8221;||0px|||&#8221; global_colors_info=&#8221;{}&#8221;][et_pb_row column_structure=&#8221;1_2,1_2&#8243; _builder_version=&#8221;4.27.2&#8243; _module_preset=&#8221;default&#8221; width=&#8221;90%&#8221; max_width=&#8221;90%&#8221; custom_margin=&#8221;-47px|auto||auto||&#8221; custom_padding=&#8221;||0px|||&#8221; global_colors_info=&#8221;{}&#8221;][et_pb_column type=&#8221;1_2&#8243; _builder_version=&#8221;4.20.2&#8243; _module_preset=&#8221;default&#8221; global_colors_info=&#8221;{}&#8221;][et_pb_image src=&#8221;https:\/\/99hudsonjerseycity.com\/es\/wp-content\/uploads\/99-hudson-new-jersey_living.jpeg&#8221; title_text=&#8221;99-hudson-new-jersey_living&#8221; _builder_version=&#8221;4.27.4&#8243; _module_preset=&#8221;default&#8221; global_colors_info=&#8221;{}&#8221;][\/et_pb_image][\/et_pb_column][et_pb_column type=&#8221;1_2&#8243; _builder_version=&#8221;4.20.2&#8243; _module_preset=&#8221;default&#8221; global_colors_info=&#8221;{}&#8221;][et_pb_text _builder_version=&#8221;4.27.4&#8243; _module_preset=&#8221;default&#8221; text_font=&#8221;Adamina||||||||&#8221; text_text_color=&#8221;#000000&#8243; text_line_height=&#8221;1.8em&#8221; header_2_font=&#8221;|700|||||||&#8221; header_2_font_size=&#8221;30px&#8221; header_2_line_height=&#8221;1.8em&#8221; custom_margin=&#8221;-10px|||||&#8221; custom_margin_tablet=&#8221;-80px|||||&#8221; custom_margin_phone=&#8221;1px||||false|false&#8221; custom_margin_last_edited=&#8221;on|phone&#8221; hover_enabled=&#8221;0&#8243; global_colors_info=&#8221;{}&#8221; sticky_enabled=&#8221;0&#8243;]<\/p>\n<h2>Caracter\u00edsticas de la residencia<\/h2>\n<ul>\n<li>Pisos de roble de 12,7 cm de ancho<\/li>\n<li>Ventanas de piso a techo con aislamiento de alto rendimiento<\/li>\n<li>Calefacci\u00f3n y refrigeraci\u00f3n de bajo consumo<\/li>\n<li>Sistema con controles de climatizaci\u00f3n individuales<\/li>\n<li>Preinstalaci\u00f3n completa para cable, tel\u00e9fono y datos<\/li>\n<li>Lavadora y secadora de carga frontal Bosch<\/li>\n<\/ul>\n<p>[\/et_pb_text][\/et_pb_column][\/et_pb_row][\/et_pb_section][et_pb_section fb_built=&#8221;1&#8243; module_id=&#8221;building-features&#8221; _builder_version=&#8221;4.27.4&#8243; _module_preset=&#8221;default&#8221; background_color=&#8221;#f4f5f7&#8243; custom_margin=&#8221;30px|||||&#8221; custom_padding=&#8221;||2px|||&#8221; global_colors_info=&#8221;{}&#8221;][et_pb_row column_structure=&#8221;1_2,1_2&#8243; _builder_version=&#8221;4.27.3&#8243; _module_preset=&#8221;default&#8221; width=&#8221;90%&#8221; max_width=&#8221;90%&#8221; global_colors_info=&#8221;{}&#8221;][et_pb_column type=&#8221;1_2&#8243; _builder_version=&#8221;4.27.3&#8243; _module_preset=&#8221;default&#8221; global_colors_info=&#8221;{}&#8221;][et_pb_text _builder_version=&#8221;4.27.4&#8243; _module_preset=&#8221;default&#8221; text_text_color=&#8221;#000000&#8243; header_font=&#8221;|700|||||||&#8221; header_text_color=&#8221;#000000&#8243; header_3_font=&#8221;|700|||||||&#8221; header_3_text_color=&#8221;#000000&#8243; hover_enabled=&#8221;0&#8243; global_colors_info=&#8221;{}&#8221; sticky_enabled=&#8221;0&#8243;]<\/p>\n<h3>COCINA<\/h3>\n<ul>\n<li>Gabinetes de cocina lacados en blanco a medida<\/li>\n<li>Importados de Pordenone, Italia<\/li>\n<li>Accesorios de acero inoxidable Kohler<\/li>\n<li>Extractor de ventilaci\u00f3n del fabricante italiano XO<\/li>\n<li>Isla cascada con encimera de cuarzo<\/li>\n<li>Salpicadero de azulejos de cuarzo de altura completa<\/li>\n<li>Accesorios de acero inoxidable Kohler<br \/>Amplio espacio de almacenamiento<\/li>\n<\/ul>\n<p>[\/et_pb_text][\/et_pb_column][et_pb_column type=&#8221;1_2&#8243; _builder_version=&#8221;4.27.3&#8243; _module_preset=&#8221;default&#8221; global_colors_info=&#8221;{}&#8221;][et_pb_text _builder_version=&#8221;4.27.4&#8243; _module_preset=&#8221;default&#8221; text_text_color=&#8221;#000000&#8243; header_font=&#8221;|700|||||||&#8221; header_text_color=&#8221;#000000&#8243; header_3_font=&#8221;|700|||||||&#8221; header_3_text_color=&#8221;#000000&#8243; hover_enabled=&#8221;0&#8243; global_colors_info=&#8221;{}&#8221; sticky_enabled=&#8221;0&#8243;]<\/p>\n<h3><strong>BA\u00d1OS PRINCIPALES<\/strong><\/h3>\n<p>Con carpinter\u00eda personalizada de artesanos italianos, la sofisticada combinaci\u00f3n de materiales y texturas crea un espacio limpio y moderno.<\/p>\n<ul>\n<li>Suelos y azulejos de cer\u00e1mica Statuario importados<\/li>\n<li>Ducha amplia con mampara de cristal<\/li>\n<li>Duchas de efecto lluvia Kohler<\/li>\n<\/ul>\n<h3>BA\u00d1OS SECUNDARIOS<\/h3>\n<p>Con acabados y grifer\u00eda de primera calidad, los ba\u00f1os secundarios ofrecen un nivel de dise\u00f1o normalmente reservado para los ba\u00f1os principales.<\/p>\n<p>[\/et_pb_text][\/et_pb_column][\/et_pb_row][\/et_pb_section]<\/p>\n","protected":false},"excerpt":{"rendered":"<p>99 Hudson Jersey City ComodidadesCaracter\u00edsticas del edificio Amplia piscina de 24 m x 15 m Caba\u00f1as para descansar Comedores al aire libre Parrillas Amplio jard\u00edn paisaj\u00edstico Sala Club Hudson con sal\u00f3n, biblioteca y comedor Cocina de demostraci\u00f3n Sala de juegos Centro de negocios Sala de juegos para ni\u00f1os Sala de proyecciones Simulador de golf Zona [&hellip;]<\/p>\n","protected":false},"author":1,"featured_media":2222,"parent":0,"menu_order":0,"comment_status":"closed","ping_status":"closed","template":"","meta":{"_et_pb_use_builder":"on","_et_pb_old_content":"","_et_gb_content_width":"","footnotes":""},"class_list":["post-730","page","type-page","status-publish","has-post-thumbnail","hentry"],"_links":{"self":[{"href":"https:\/\/99hudsonjerseycity.com\/es\/wp-json\/wp\/v2\/pages\/730","targetHints":{"allow":["GET"]}}],"collection":[{"href":"https:\/\/99hudsonjerseycity.com\/es\/wp-json\/wp\/v2\/pages"}],"about":[{"href":"https:\/\/99hudsonjerseycity.com\/es\/wp-json\/wp\/v2\/types\/page"}],"author":[{"embeddable":true,"href":"https:\/\/99hudsonjerseycity.com\/es\/wp-json\/wp\/v2\/users\/1"}],"replies":[{"embeddable":true,"href":"https:\/\/99hudsonjerseycity.com\/es\/wp-json\/wp\/v2\/comments?post=730"}],"version-history":[{"count":59,"href":"https:\/\/99hudsonjerseycity.com\/es\/wp-json\/wp\/v2\/pages\/730\/revisions"}],"predecessor-version":[{"id":2359,"href":"https:\/\/99hudsonjerseycity.com\/es\/wp-json\/wp\/v2\/pages\/730\/revisions\/2359"}],"wp:featuredmedia":[{"embeddable":true,"href":"https:\/\/99hudsonjerseycity.com\/es\/wp-json\/wp\/v2\/media\/2222"}],"wp:attachment":[{"href":"https:\/\/99hudsonjerseycity.com\/es\/wp-json\/wp\/v2\/media?parent=730"}],"curies":[{"name":"wp","href":"https:\/\/api.w.org\/{rel}","templated":true}]}}