{"id":385,"date":"2024-10-31T07:50:02","date_gmt":"2024-10-31T07:50:02","guid":{"rendered":"https:\/\/clarabayharborisland.com\/?page_id=385"},"modified":"2025-04-14T15:56:25","modified_gmt":"2025-04-14T15:56:25","slug":"equipo","status":"publish","type":"page","link":"https:\/\/99hudsonjerseycity.com\/es\/equipo\/","title":{"rendered":"Equipo"},"content":{"rendered":"<p>[et_pb_section fb_built=&#8221;1&#8243; custom_padding_last_edited=&#8221;on|phone&#8221; _builder_version=&#8221;4.27.4&#8243; _module_preset=&#8221;default&#8221; background_color=&#8221;rgba(0,0,0,0.7)&#8221; background_image=&#8221;https:\/\/99hudsonjerseycity.com\/es\/wp-content\/uploads\/99-hudson-new-jersey_bg.jpg&#8221; background_blend=&#8221;overlay&#8221; custom_padding=&#8221;90px||90px|||&#8221; custom_padding_tablet=&#8221;90px||90px|||&#8221; custom_padding_phone=&#8221;50px||50px||true|false&#8221; global_colors_info=&#8221;{}&#8221;][et_pb_row _builder_version=&#8221;4.17.4&#8243; _module_preset=&#8221;default&#8221; global_colors_info=&#8221;{}&#8221;][et_pb_column type=&#8221;4_4&#8243; _builder_version=&#8221;4.17.4&#8243; _module_preset=&#8221;default&#8221; global_colors_info=&#8221;{}&#8221;][et_pb_text _builder_version=&#8221;4.27.4&#8243; _module_preset=&#8221;default&#8221; text_font=&#8221;|600|||||||&#8221; text_text_color=&#8221;#FFFFFF&#8221; text_font_size=&#8221;25px&#8221; header_font=&#8221;|700||on|||||&#8221; header_text_align=&#8221;center&#8221; header_text_color=&#8221;#FFFFFF&#8221; header_font_size=&#8221;50px&#8221; text_orientation=&#8221;center&#8221; hover_enabled=&#8221;0&#8243; header_font_size_tablet=&#8221;50px&#8221; header_font_size_phone=&#8221;40px&#8221; header_font_size_last_edited=&#8221;on|phone&#8221; header_text_shadow_style=&#8221;preset3&#8243; header_text_shadow_blur_strength=&#8221;0.69em&#8221; header_text_shadow_color=&#8221;#000000&#8243; global_colors_info=&#8221;{}&#8221; sticky_enabled=&#8221;0&#8243;]<\/p>\n<h1>99 Hudson Jersey City<\/h1>\n<h1>Equipo<\/h1>\n<p>&nbsp;<\/p>\n<p>[\/et_pb_text][\/et_pb_column][\/et_pb_row][\/et_pb_section][et_pb_section fb_built=&#8221;1&#8243; _builder_version=&#8221;4.22.1&#8243; _module_preset=&#8221;default&#8221; background_color=&#8221;#f7f7f9&#8243; custom_padding=&#8221;||2px|||&#8221; global_colors_info=&#8221;{}&#8221;][et_pb_row _builder_version=&#8221;4.24.2&#8243; _module_preset=&#8221;default&#8221; global_colors_info=&#8221;{}&#8221;][et_pb_column type=&#8221;4_4&#8243; _builder_version=&#8221;4.20.2&#8243; _module_preset=&#8221;default&#8221; global_colors_info=&#8221;{}&#8221;][et_pb_text _builder_version=&#8221;4.27.4&#8243; _module_preset=&#8221;default&#8221; text_font=&#8221;Adamina||||||||&#8221; text_text_color=&#8221;#000000&#8243; text_line_height=&#8221;1.8em&#8221; custom_margin=&#8221;-41px|||||&#8221; hover_enabled=&#8221;0&#8243; global_colors_info=&#8221;{}&#8221; sticky_enabled=&#8221;0&#8243;]<\/p>\n<p><strong>Desarrollador: COA 99 Hudson, LLC<\/strong><br \/><strong>Arquitecto: Perkins Eastman<\/strong><br \/><strong>Gesti\u00f3n: First Service Residential<\/strong><\/p>\n<p>[\/et_pb_text][\/et_pb_column][\/et_pb_row][\/et_pb_section][et_pb_section fb_built=&#8221;1&#8243; _builder_version=&#8221;4.22.1&#8243; _module_preset=&#8221;default&#8221; background_color=&#8221;#f7f7f9&#8243; custom_padding=&#8221;||2px|||&#8221; global_colors_info=&#8221;{}&#8221;][et_pb_row _builder_version=&#8221;4.24.2&#8243; _module_preset=&#8221;default&#8221; global_colors_info=&#8221;{}&#8221;][et_pb_column type=&#8221;4_4&#8243; _builder_version=&#8221;4.20.2&#8243; _module_preset=&#8221;default&#8221; global_colors_info=&#8221;{}&#8221;][et_pb_text _builder_version=&#8221;4.27.4&#8243; _module_preset=&#8221;default&#8221; text_font=&#8221;Adamina||||||||&#8221; text_text_color=&#8221;#000000&#8243; text_line_height=&#8221;1.8em&#8221; header_3_font=&#8221;|700|||||||&#8221; custom_margin=&#8221;-41px|||||&#8221; hover_enabled=&#8221;0&#8243; global_colors_info=&#8221;{}&#8221; sticky_enabled=&#8221;0&#8243;]99 Hudson, desarrollado por China Overseas America (COA), marca su primer proyecto en Estados Unidos. El compromiso de COA con la calidad y el dise\u00f1o innovador ha creado un emblem\u00e1tico edificio residencial del siglo XXI. El edificio fue dise\u00f1ado por el reconocido estudio de arquitectura Perkins Eastman, combinando comodidades modernas con influencias arquitect\u00f3nicas cl\u00e1sicas, convirti\u00e9ndolo en un desarrollo emblem\u00e1tico en Jersey City.<\/p>\n<p><strong>Desarrollador<\/strong><br \/>\n<strong>COA 99 Hudson, LLC<\/strong><\/p>\n<p>COA 99 Hudson, LLC es una subsidiaria de China Overseas America (COA), la sucursal estadounidense de China Overseas Holdings Ltd., una empresa de desarrollo inmobiliario reconocida mundialmente. En su primer proyecto en Estados Unidos, COA 99 Hudson estableci\u00f3 un nuevo est\u00e1ndar para la vida de lujo en Jersey City. Con un compromiso con la artesan\u00eda superior, el dise\u00f1o de vanguardia y las pr\u00e1cticas de construcci\u00f3n sostenibles, el desarrollador ha introducido con \u00e9xito una experiencia residencial de clase mundial en la costa de Nueva Jersey.<\/p>\n<p><strong>Arquitecto<\/strong><br \/>\n<strong>Perkins Eastman<\/strong><\/p>\n<p>Perkins Eastman es una firma de arquitectura de renombre internacional, conocida por su enfoque de dise\u00f1o innovador y centrado en el ser humano. Con una cartera diversa que abarca proyectos residenciales, comerciales e institucionales, la firma aporta una vasta experiencia a 99 Hudson. Perkins Eastman combin\u00f3 magistralmente el lujo moderno con influencias arquitect\u00f3nicas atemporales, asegurando que 99 Hudson se mantenga como un referente distinguido en el horizonte de Jersey City. Su meticulosa atenci\u00f3n al detalle y su enfoque en mejorar la vida urbana los convierten en una opci\u00f3n de primer nivel para desarrollos de alta gama en todo el mundo.[\/et_pb_text][\/et_pb_column][\/et_pb_row][\/et_pb_section]<\/p>\n","protected":false},"excerpt":{"rendered":"<p>99 Hudson Jersey City Equipo &nbsp;Desarrollador: COA 99 Hudson, LLCArquitecto: Perkins EastmanGesti\u00f3n: First Service Residential99 Hudson, desarrollado por China Overseas America (COA), marca su primer proyecto en Estados Unidos. El compromiso de COA con la calidad y el dise\u00f1o innovador ha creado un emblem\u00e1tico edificio residencial del siglo XXI. El edificio fue dise\u00f1ado por el [&hellip;]<\/p>\n","protected":false},"author":1,"featured_media":2230,"parent":0,"menu_order":0,"comment_status":"closed","ping_status":"closed","template":"","meta":{"_et_pb_use_builder":"on","_et_pb_old_content":"","_et_gb_content_width":"","footnotes":""},"class_list":["post-385","page","type-page","status-publish","has-post-thumbnail","hentry"],"_links":{"self":[{"href":"https:\/\/99hudsonjerseycity.com\/es\/wp-json\/wp\/v2\/pages\/385","targetHints":{"allow":["GET"]}}],"collection":[{"href":"https:\/\/99hudsonjerseycity.com\/es\/wp-json\/wp\/v2\/pages"}],"about":[{"href":"https:\/\/99hudsonjerseycity.com\/es\/wp-json\/wp\/v2\/types\/page"}],"author":[{"embeddable":true,"href":"https:\/\/99hudsonjerseycity.com\/es\/wp-json\/wp\/v2\/users\/1"}],"replies":[{"embeddable":true,"href":"https:\/\/99hudsonjerseycity.com\/es\/wp-json\/wp\/v2\/comments?post=385"}],"version-history":[{"count":58,"href":"https:\/\/99hudsonjerseycity.com\/es\/wp-json\/wp\/v2\/pages\/385\/revisions"}],"predecessor-version":[{"id":2362,"href":"https:\/\/99hudsonjerseycity.com\/es\/wp-json\/wp\/v2\/pages\/385\/revisions\/2362"}],"wp:featuredmedia":[{"embeddable":true,"href":"https:\/\/99hudsonjerseycity.com\/es\/wp-json\/wp\/v2\/media\/2230"}],"wp:attachment":[{"href":"https:\/\/99hudsonjerseycity.com\/es\/wp-json\/wp\/v2\/media?parent=385"}],"curies":[{"name":"wp","href":"https:\/\/api.w.org\/{rel}","templated":true}]}}